{"id":1322,"date":"2025-07-13T17:29:30","date_gmt":"2025-07-13T17:29:30","guid":{"rendered":"https:\/\/natashabeaulieu.com\/WP\/?page_id=1322"},"modified":"2025-07-13T17:32:17","modified_gmt":"2025-07-13T17:32:17","slug":"natasha-beaulieu","status":"publish","type":"page","link":"https:\/\/natashabeaulieu.com\/","title":{"rendered":"Natasha Beaulieu"},"content":{"rendered":"\n<p style=\"text-align: justify;\">Je suis une cr\u00e9atrice de possibilit\u00e9s. Une interpr\u00e8te de la vie. J\u2019\u00e9volue dans la r\u00e9alit\u00e9 qui m\u2019est accessible en \u00e9laborant des mondes imaginaires habit\u00e9s de personnages atypiques. J\u2019explore plusieurs formes de cr\u00e9ation&nbsp;: roman, nouvelle, sc\u00e9nario, court-m\u00e9trage, performance, lecture publique, etc. Mes personnages me racontent, me ressemblent et me permettent de communiquer avec d\u2019autres humains en qu\u00eate de leur v\u00e9rit\u00e9 profonde et souvent cach\u00e9e.<\/p>\n\n\n\n<p style=\"text-align: justify;\">D\u2019aussi loin que je me souvienne, j\u2019\u00e9labore des mondes imaginaires et j\u2019archive mes exp\u00e9riences de vie. La fusion de ces deux r\u00e9alit\u00e9s a donn\u00e9 naissance, entres autres, aux Cit\u00e9s int\u00e9rieures, un univers constamment stimul\u00e9 par de nouvelles sources d\u2019inspiration.<\/p>\n\n\n\n<p style=\"text-align: justify;\">Mes principales influences litt\u00e9raires, musicales et visuelles ont en commun une noirceur, un malaise, une beaut\u00e9 hors norme, une inqui\u00e9tude, une solitude.&nbsp;Ma cr\u00e9ativit\u00e9 est ancr\u00e9e dans l\u2019<em>underground<\/em>. Mes personnages vivent des \u00e9v\u00e9nements insolites qui provoquent des \u00e9motions et r\u00e9actions d\u00e9rangeantes. Humaines, humains et cr\u00e9atures, souvent d\u00e9viant.es, respectent pourtant un code d\u2019honneur et savent faire preuve de qualit\u00e9s et valeurs dont on ne les soup\u00e7onnerait pas.<\/p>\n\n\n\n<p style=\"text-align: justify;\">Ma propre v\u00e9rit\u00e9 se trouve ici, \u00e0&nbsp;penlocke.com, un espace intime et permanent isol\u00e9 des m\u00e9dias sociaux bruyants et \u00e9ph\u00e9m\u00e8res. Penlocke est non seulement une Cit\u00e9 int\u00e9rieure, elle est le lieu de rencontre privil\u00e9gi\u00e9 entre vous et moi, lectrices, lecteurs et passionn\u00e9.es d\u2019\u00e9tranget\u00e9 sous ses multiples formes.<\/p>\n","protected":false},"excerpt":{"rendered":"<p>Je suis une cr\u00e9atrice de possibilit\u00e9s. Une interpr\u00e8te de la vie. J\u2019\u00e9volue dans la r\u00e9alit\u00e9 qui m\u2019est accessible en \u00e9laborant des mondes imaginaires habit\u00e9s de personnages atypiques. J\u2019explore plusieurs formes de cr\u00e9ation&nbsp;: roman, nouvelle, sc\u00e9nario, court-m\u00e9trage, performance, lecture publique, etc. Mes personnages me racontent, me ressemblent et me permettent de communiquer avec d\u2019autres humains en &hellip; <\/p>\n<p class=\"link-more\"><a href=\"https:\/\/natashabeaulieu.com\/\" class=\"more-link\">Continue reading<span class=\"screen-reader-text\"> &#8220;Natasha Beaulieu&#8221;<\/span><\/a><\/p>\n","protected":false},"author":1,"featured_media":0,"parent":0,"menu_order":0,"comment_status":"closed","ping_status":"closed","template":"","meta":{"_acf_changed":false,"footnotes":""},"class_list":["post-1322","page","type-page","status-publish","hentry"],"acf":[],"_links":{"self":[{"href":"https:\/\/natashabeaulieu.com\/index.php?rest_route=\/wp\/v2\/pages\/1322","targetHints":{"allow":["GET"]}}],"collection":[{"href":"https:\/\/natashabeaulieu.com\/index.php?rest_route=\/wp\/v2\/pages"}],"about":[{"href":"https:\/\/natashabeaulieu.com\/index.php?rest_route=\/wp\/v2\/types\/page"}],"author":[{"embeddable":true,"href":"https:\/\/natashabeaulieu.com\/index.php?rest_route=\/wp\/v2\/users\/1"}],"replies":[{"embeddable":true,"href":"https:\/\/natashabeaulieu.com\/index.php?rest_route=%2Fwp%2Fv2%2Fcomments&post=1322"}],"version-history":[{"count":3,"href":"https:\/\/natashabeaulieu.com\/index.php?rest_route=\/wp\/v2\/pages\/1322\/revisions"}],"predecessor-version":[{"id":1325,"href":"https:\/\/natashabeaulieu.com\/index.php?rest_route=\/wp\/v2\/pages\/1322\/revisions\/1325"}],"wp:attachment":[{"href":"https:\/\/natashabeaulieu.com\/index.php?rest_route=%2Fwp%2Fv2%2Fmedia&parent=1322"}],"curies":[{"name":"wp","href":"https:\/\/api.w.org\/{rel}","templated":true}]}}